{"id":1176,"date":"2017-08-03T10:02:52","date_gmt":"2017-08-03T08:02:52","guid":{"rendered":"http:\/\/pure-water-for-generations.com\/pure-water-for-generations-e-v\/"},"modified":"2025-05-30T12:28:33","modified_gmt":"2025-05-30T10:28:33","slug":"pure-water-for-generations-e-v","status":"publish","type":"page","link":"https:\/\/pure-water-for-generations.com\/en\/","title":{"rendered":"Pure Water for Generations e. V."},"content":{"rendered":"<p>[vc_row css=&#8221;.vc_custom_1699973949691{padding-top: 30px !important;}&#8221;][vc_column][vc_row_inner][vc_column_inner width=&#8221;7\/12&#8243; css=&#8221;.vc_custom_1699973352388{padding-top: 10px !important;}&#8221;][vc_custom_heading text=&#8221;Water Days 2025 | 78 days by the water, on the water, in the water&#8221; font_container=&#8221;tag:h2|font_size:38px|text_align:left|color:%23133749|line_height:38px&#8221; google_fonts=&#8221;font_family:Open%20Sans%3A300%2C300italic%2Cregular%2Citalic%2C600%2C600italic%2C700%2C700italic%2C800%2C800italic|font_style:700%20bold%20regular%3A700%3Anormal&#8221;][vc_column_text el_class=&#8221;lead&#8221;]Starting June 2nd, we&#8217;re on tour again \u2013 all across Germany and Austria \u2013 inviting children and young people to spend a school day by, on, and in the water with us.<\/p>\n<p>With our Water Days, we help young people reconnect with one of our most essential elements. They experience with all their senses just how important water \u2013 and a healthy natural cycle \u2013 truly are. Because only when we feel how valuable something is, do we start to protect it.<\/p>\n<p>Our water needs us \u2013 and we need the water.<\/p>\n<p>Curious what a Water Day is like?<br \/>\nTake a look at our <a href=\"https:\/\/pure-water-for-generations.com\/wassertage-blog\/\">Water Days Blog<\/a>.<\/p>\n<p>In 2025, we\u2019ll once again create a large artwork made of many small Water Pictures.<br \/>\nJoin in \u2013 all the info is right <a href=\"https:\/\/pure-water-for-generations.com\/en\/?page_id=22705\">here<\/a>.<\/p>\n<p>Want to know what a Water Day feels like?<br \/>\nWatch our short film.[\/vc_column_text][vc_video link=&#8221;https:\/\/vimeo.com\/988813932?share=copy&#8221;][vc_btn title=&#8221;Visit Our Blog&#8221; size=&#8221;lg&#8221; i_align=&#8221;right&#8221; i_icon_fontawesome=&#8221;fa fa-arrow-circle-o-right&#8221; add_icon=&#8221;true&#8221; link=&#8221;url:https%3A%2F%2Fpure-water-for-generations.com%2Fwassertage-blog%2F|title:The%20Water%20Days%20Blog|target:%20_blank|&#8221;][vc_btn title=&#8221;Explore the Water Art Gallery&#8221; size=&#8221;lg&#8221; i_align=&#8221;right&#8221; i_icon_fontawesome=&#8221;fa fa-arrow-circle-o-right&#8221; add_icon=&#8221;true&#8221; link=&#8221;url:https%3A%2F%2Fpure-water-for-generations.com%2Fen%2F%3Fpage_id%3D22705|title:Water%20Art%202024|target:%20_blank|&#8221;][vc_btn title=&#8221;Open the Interactive Water Map&#8221; size=&#8221;lg&#8221; i_align=&#8221;right&#8221; i_icon_fontawesome=&#8221;fa fa-arrow-circle-o-right&#8221; add_icon=&#8221;true&#8221; link=&#8221;url:https%3A%2F%2Fpure-water-for-generations.com%2Fen%2F%3Fpage_id%3D22987|title:Open%20the%20Interactive%20Water%20Map|target:%20_blank|&#8221;][\/vc_column_inner][vc_column_inner width=&#8221;5\/12&#8243;][vc_single_image source=&#8221;external_link&#8221; onclick=&#8221;custom_link&#8221; link=&#8221;https:\/\/pure-water-for-generations.com\/en\/?page_id=22987&#8243; custom_src=&#8221;https:\/\/wasserbilder.pwfg.blue\/map_screenshot\/wassertage-map-1500px.jpg&#8221;][\/vc_column_inner][\/vc_row_inner][\/vc_column][\/vc_row][vc_row disable_element=&#8221;yes&#8221; css=&#8221;.vc_custom_1716802834281{padding-top: 30px !important;}&#8221;][vc_column][vc_row_inner][vc_column_inner width=&#8221;7\/12&#8243; css=&#8221;.vc_custom_1699973352388{padding-top: 10px !important;}&#8221;][vc_custom_heading text=&#8221;From the classroom to the river \u2013 Water Days 2024&#8243; font_container=&#8221;tag:h2|font_size:38px|text_align:left|color:%23133749|line_height:38px&#8221; google_fonts=&#8221;font_family:Open%20Sans%3A300%2C300italic%2Cregular%2Citalic%2C600%2C600italic%2C700%2C700italic%2C800%2C800italic|font_style:700%20bold%20regular%3A700%3Anormal&#8221;][vc_column_text el_class=&#8221;lead&#8221;]<span class=\"TextRun SCXW123406777 BCX0\" lang=\"DE-DE\" xml:lang=\"DE-DE\" data-contrast=\"none\"><span class=\"NormalTextRun SCXW123406777 BCX0\">Ab Ende Mai 2024 werden wir mit unseren Wassertagen wieder am, auf und im Wasser unterwegs sein \u2013 in Deutschland, \u00d6sterreich und erstmals auch in der Schweiz.<\/span><\/span><\/p>\n<p><strong>Inspiration | Achtsamkeit | Verbundenheit<\/strong><\/p>\n<p>Mit unseren Wassertagen wollen wir Sch\u00fclerInnen ermutigen,<span class=\"TextRun SCXW101536537 BCX4\" lang=\"DE-DE\" xml:lang=\"DE-DE\" data-contrast=\"none\"><span class=\"NormalTextRun SCXW101536537 BCX4\" data-ccp-parastyle=\"Text\">\u00a0sich selbst und die Natur besser sp\u00fcren zu lernen und f\u00fcr unser Wasser als lebensnotwendige Ressource aktiv zu werden.<\/span><\/span><\/p>\n<p><span class=\"TextRun SCXW123406777 BCX0\" lang=\"DE-DE\" xml:lang=\"DE-DE\" data-contrast=\"none\"><span class=\"NormalTextRun SCXW123406777 BCX0\">Wenn ihr die <strong>Energie der Wassertage erleben<\/strong> m\u00f6chtet, dann schaut Euch unseren Kurzfilm zum Wassertag 2023 an (einfach nach unten scrollen).\u00a0<\/span><\/span><span data-contrast=\"auto\">Noch mehr Eindr\u00fccke zu unseren Wassertagen findet ihr auf unserem<a href=\"https:\/\/pure-water-for-generations.com\/wassertage-blog\/\"> Wassertage-Blog<\/a>\u00a0und in unseren <a href=\"https:\/\/pure-water-for-generations.com\/rundbrief-abonnieren\/\" target=\"_blank\" rel=\"noopener\">Rundbriefen<\/a>.<\/span><\/p>\n<p><span data-contrast=\"none\">Wollt ihr 2024 mit dabei sein? Dann schreibt eine E-Mail an <\/span><a href=\"mailto:pascal@pwfg.blue\"><span data-contrast=\"none\">pascal@pwfg.blue<\/span><\/a>\u00a0Wir freuen uns auf Euch![\/vc_column_text][vc_btn title=&#8221;Discover the Project&#8221; size=&#8221;lg&#8221; i_align=&#8221;right&#8221; i_icon_fontawesome=&#8221;fa fa-arrow-circle-o-right&#8221; add_icon=&#8221;true&#8221; link=&#8221;url:https%3A%2F%2Fpure-water-for-generations.com%2Fen%2Fsup-projects%2F|title:Water%20Days|&#8221;][vc_btn title=&#8221;Visit Our Blog&#8221; size=&#8221;lg&#8221; i_align=&#8221;right&#8221; i_icon_fontawesome=&#8221;fa fa-arrow-circle-o-right&#8221; add_icon=&#8221;true&#8221; link=&#8221;url:https%3A%2F%2Fpure-water-for-generations.com%2Fwassertage-blog%2F|title:The%20Water%20Days%20Blog|target:%20_blank|&#8221;][vc_btn title=&#8221;Sign Up for Our Newsletter&#8221; size=&#8221;lg&#8221; i_align=&#8221;right&#8221; i_icon_fontawesome=&#8221;fa fa-arrow-circle-o-right&#8221; add_icon=&#8221;true&#8221; link=&#8221;url:https%3A%2F%2Fpure-water-for-generations.com%2Frundbrief-abonnieren%2F|title:Water%20Days|&#8221;][\/vc_column_inner][vc_column_inner width=&#8221;5\/12&#8243;][vc_single_image image=&#8221;13440&#8243; img_size=&#8221;full&#8221; onclick=&#8221;custom_link&#8221; link=&#8221;https:\/\/pure-water-for-generations.com\/wp-content\/uploads\/2023\/05\/PureWater-Wasserkarte-DE-AT-Legende-mit-Logo.pdf&#8221;][\/vc_column_inner][\/vc_row_inner][\/vc_column][vc_column][\/vc_column][\/vc_row][vc_row disable_element=&#8221;yes&#8221; css=&#8221;.vc_custom_1716803694823{padding-top: 30px !important;}&#8221;][vc_column][vc_separator color=&#8221;custom&#8221; border_width=&#8221;2&#8243; accent_color=&#8221;#d0e1ef&#8221; css=&#8221;.vc_custom_1535018808925{margin-top: 60px !important;margin-bottom: 60px !important;}&#8221;][vc_custom_heading text=&#8221;Our Water Days 2023 | 101 water-filled moments with 5,000 students and teachers \u2013 by, on and in the water&#8221; font_container=&#8221;tag:h2|font_size:38px|text_align:left|color:%23133749|line_height:38px&#8221; google_fonts=&#8221;font_family:Open%20Sans%3A300%2C300italic%2Cregular%2Citalic%2C600%2C600italic%2C700%2C700italic%2C800%2C800italic|font_style:700%20bold%20regular%3A700%3Anormal&#8221;][vc_row_inner][vc_column_inner width=&#8221;1\/2&#8243;][vc_raw_html]W2JvcmxhYnMtY29va2llIGlkPSJ2aW1lbyIgdHlwZT0iY29udGVudC1ibG9ja2VyIl0NCjxkaXYgY2xhc3M9ImVtYmVkLXJlc3BvbnNpdmUgZW1iZWQtcmVzcG9uc2l2ZS0xNmJ5OSI+DQo8aWZyYW1lIHNyYz0iaHR0cHM6Ly9wbGF5ZXIudmltZW8uY29tL3ZpZGVvLzg0ODk4OTIzNj9oPTdjNTE4YmEzYTkiIHdpZHRoPSI2NDAiIGhlaWdodD0iMzYwIiBmcmFtZWJvcmRlcj0iMCIgYWxsb3c9ImF1dG9wbGF5OyBmdWxsc2NyZWVuOyBwaWN0dXJlLWluLXBpY3R1cmUiIGFsbG93ZnVsbHNjcmVlbj48L2lmcmFtZT4NCjwvZGl2Pg0KWy9ib3JsYWJzLWNvb2tpZV0=[\/vc_raw_html][\/vc_column_inner][vc_column_inner width=&#8221;1\/2&#8243;][vc_raw_html]W2JvcmxhYnMtY29va2llIGlkPSJ2aW1lbyIgdHlwZT0iY29udGVudC1ibG9ja2VyIl0NCjxkaXYgY2xhc3M9ImVtYmVkLXJlc3BvbnNpdmUgZW1iZWQtcmVzcG9uc2l2ZS0xNmJ5OSI+DQo8aWZyYW1lIHNyYz0iaHR0cHM6Ly9wbGF5ZXIudmltZW8uY29tL3ZpZGVvLzg4NDg3MzE4ND9oPTQ1OTc0ZjQ1YWYiIHdpZHRoPSI2NDAiIGhlaWdodD0iMzYwIiBmcmFtZWJvcmRlcj0iMCIgYWxsb3c9ImF1dG9wbGF5OyBmdWxsc2NyZWVuOyBwaWN0dXJlLWluLXBpY3R1cmUiIGFsbG93ZnVsbHNjcmVlbj48L2lmcmFtZT4NCjwvZGl2Pg0KWy9ib3JsYWJzLWNvb2tpZV0=[\/vc_raw_html][\/vc_column_inner][\/vc_row_inner][vc_column_text el_class=&#8221;lead&#8221;]<strong>Mahalo an alle, die 2023 dabei waren!<\/strong><\/p>\n<p>Eure Energie und Begeisterung haben uns mit Freude durch jeden einzelnen Wassertag getragen.<\/p>\n<p>Alle Inhalte, Fotos, Videos und Postkarten-Motive zu den vergangenen Wassertagen findet ihr unter <a href=\"https:\/\/pure-water-for-generations.com\/en\/sup-projects\/\">Projekte<\/a>.[\/vc_column_text][\/vc_column][\/vc_row][vc_row][vc_column][vc_separator color=&#8221;custom&#8221; border_width=&#8221;2&#8243; accent_color=&#8221;#d0e1ef&#8221; css=&#8221;.vc_custom_1535018808925{margin-top: 60px !important;margin-bottom: 60px !important;}&#8221;][vc_custom_heading text=&#8221;What\u2019s New&#8221; font_container=&#8221;tag:h2|font_size:38px|text_align:left|color:%23133749|line_height:38px&#8221; google_fonts=&#8221;font_family:Open%20Sans%3A300%2C300italic%2Cregular%2Citalic%2C600%2C600italic%2C700%2C700italic%2C800%2C800italic|font_style:700%20bold%20regular%3A700%3Anormal&#8221; link=&#8221;url:https%3A%2F%2Fpure-water-for-generations.com%2Fen%2Funcategorized%2F|&#8221;][\/vc_column][\/vc_row][vc_row][vc_column][\/vc_column][\/vc_row][vc_row disable_element=&#8221;yes&#8221;][vc_column][vc_separator color=&#8221;custom&#8221; border_width=&#8221;2&#8243; accent_color=&#8221;#d0e1ef&#8221; css=&#8221;.vc_custom_1535018808925{margin-top: 60px !important;margin-bottom: 60px !important;}&#8221;][vc_custom_heading text=&#8221;What\u2019s Coming Up&#8221; font_container=&#8221;tag:h2|font_size:38px|text_align:left|color:%23133749|line_height:38px&#8221; google_fonts=&#8221;font_family:Open%20Sans%3A300%2C300italic%2Cregular%2Citalic%2C600%2C600italic%2C700%2C700italic%2C800%2C800italic|font_style:700%20bold%20regular%3A700%3Anormal&#8221; link=&#8221;url:https%3A%2F%2Fpure-water-for-generations.com%2Fen%2Funcategorized%2F|&#8221;][\/vc_column][\/vc_row][vc_row full_width=&#8221;stretch_row&#8221; equal_height=&#8221;yes&#8221; content_placement=&#8221;middle&#8221; css=&#8221;.vc_custom_1549445547332{margin-top: -20px !important;padding-top: 30px !important;background-color: #133749 !important;}&#8221;][vc_column width=&#8221;7\/12&#8243;][vc_column_text el_class=&#8221;white-text&#8221;]<\/p>\n<p style=\"text-align: center;\">Wir sind dankbar f\u00fcr jede Unterst\u00fctzung unserer Projekte auf dem Weg zu unserer Vision:<br \/>\n<strong>Trinkbares Donauwasser bis 2042!<\/strong><\/p>\n<p>[\/vc_column_text][\/vc_column][vc_column width=&#8221;5\/12&#8243;][vc_row_inner][vc_column_inner width=&#8221;1\/2&#8243;][vc_btn title=&#8221;Make a Donation&#8221; style=&#8221;outline&#8221; color=&#8221;white&#8221; align=&#8221;center&#8221; button_block=&#8221;true&#8221; link=&#8221;url:http%3A%2F%2Fpure-water-for-generations.com%2Funterstuetzung%2F|&#8221;][\/vc_column_inner][vc_column_inner width=&#8221;1\/2&#8243;][vc_btn title=&#8221;Sign Up for Our Newsletter&#8221; style=&#8221;outline&#8221; color=&#8221;white&#8221; align=&#8221;center&#8221; button_block=&#8221;true&#8221; link=&#8221;url:https%3A%2F%2Fpure-water-for-generations.com%2Frundbrief-abonnieren%2F|title:Newsletter|&#8221;][\/vc_column_inner][\/vc_row_inner][\/vc_column][\/vc_row][vc_row disable_element=&#8221;yes&#8221;][vc_column][vc_row_inner disable_element=&#8221;yes&#8221;][vc_column_inner width=&#8221;7\/12&#8243;][vc_custom_heading text=&#8221;Our Water Days 2023&#8243; font_container=&#8221;tag:h2|font_size:38px|text_align:left|color:%23133749|line_height:38px&#8221; google_fonts=&#8221;font_family:Open%20Sans%3A300%2C300italic%2Cregular%2Citalic%2C600%2C600italic%2C700%2C700italic%2C800%2C800italic|font_style:700%20bold%20regular%3A700%3Anormal&#8221;][vc_column_text el_class=&#8221;lead&#8221;]<span class=\"TextRun SCXW123406777 BCX0\" lang=\"DE-DE\" xml:lang=\"DE-DE\" data-contrast=\"none\"><span class=\"NormalTextRun SCXW123406777 BCX0\">Vom 1. Juni &#8211; 25. Juli 2023 waren wir an 101 Wassertagen an, auf und im Wasser!<br \/>\n<\/span><\/span><\/p>\n<p><strong>MAHALO an &#8230;<\/strong><\/p>\n<ul>\n<li data-leveltext=\"\uf0b7\" data-font=\"Symbol\" data-listid=\"3\" data-list-defn-props=\"{&quot;335552541&quot;:1,&quot;335559683&quot;:0,&quot;335559684&quot;:-2,&quot;335559685&quot;:720,&quot;335559991&quot;:360,&quot;469769226&quot;:&quot;Symbol&quot;,&quot;469769242&quot;:[8226],&quot;469777803&quot;:&quot;left&quot;,&quot;469777804&quot;:&quot;\uf0b7&quot;,&quot;469777815&quot;:&quot;hybridMultilevel&quot;}\" aria-setsize=\"-1\" data-aria-posinset=\"1\" data-aria-level=\"1\"><span data-contrast=\"none\">&#8230; unsere Seen, Fl\u00fcsse, B\u00e4che und unser Grundwasser, die uns die wunderbare Energie des Wassers sp\u00fcren haben lassen.<\/span><span data-ccp-props=\"{&quot;134233117&quot;:false,&quot;134233118&quot;:false,&quot;201341983&quot;:0,&quot;335551550&quot;:0,&quot;335551620&quot;:0,&quot;335559738&quot;:0,&quot;335559739&quot;:0,&quot;335559740&quot;:259}\"><br \/>\n<\/span><\/li>\n<li data-leveltext=\"\uf0b7\" data-font=\"Symbol\" data-listid=\"3\" data-list-defn-props=\"{&quot;335552541&quot;:1,&quot;335559683&quot;:0,&quot;335559684&quot;:-2,&quot;335559685&quot;:720,&quot;335559991&quot;:360,&quot;469769226&quot;:&quot;Symbol&quot;,&quot;469769242&quot;:[8226],&quot;469777803&quot;:&quot;left&quot;,&quot;469777804&quot;:&quot;\uf0b7&quot;,&quot;469777815&quot;:&quot;hybridMultilevel&quot;}\" aria-setsize=\"-1\" data-aria-posinset=\"2\" data-aria-level=\"1\"><span data-contrast=\"none\">&#8230; die 5.000 Sch\u00fclerInnen und LehrerInnen, die mit uns am, auf und im Wasser waren.<\/span><span data-ccp-props=\"{&quot;134233117&quot;:false,&quot;134233118&quot;:false,&quot;201341983&quot;:0,&quot;335551550&quot;:0,&quot;335551620&quot;:0,&quot;335559738&quot;:0,&quot;335559739&quot;:0,&quot;335559740&quot;:259}\">\u00a0<\/span><\/li>\n<li data-leveltext=\"\uf0b7\" data-font=\"Symbol\" data-listid=\"3\" data-list-defn-props=\"{&quot;335552541&quot;:1,&quot;335559683&quot;:0,&quot;335559684&quot;:-2,&quot;335559685&quot;:720,&quot;335559991&quot;:360,&quot;469769226&quot;:&quot;Symbol&quot;,&quot;469769242&quot;:[8226],&quot;469777803&quot;:&quot;left&quot;,&quot;469777804&quot;:&quot;\uf0b7&quot;,&quot;469777815&quot;:&quot;hybridMultilevel&quot;}\" aria-setsize=\"-1\" data-aria-posinset=\"3\" data-aria-level=\"1\"><span data-contrast=\"none\">&#8230; Euch alle f\u00fcr Eure Achtsamkeit f\u00fcr unser Wasser.<\/span><\/li>\n<\/ul>\n<p><span class=\"TextRun SCXW123406777 BCX0\" lang=\"DE-DE\" xml:lang=\"DE-DE\" data-contrast=\"none\"><span class=\"NormalTextRun SCXW123406777 BCX0\">Wenn ihr die <strong>Energie der Wassertage sp\u00fcren<\/strong> m\u00f6chtet, dann schaut Euch unseren Kurzfilm zum Wassertag auf R\u00fcgen an (einfach nach unten scrollen).\u00a0<\/span><\/span><span data-contrast=\"auto\">Noch mehr Eindr\u00fccke zu den 101 Wassertagen findet ihr auf unsrem<a href=\"https:\/\/pure-water-for-generations.com\/wassertage-blog\/\"> Wassertage-Blog<\/a>.<\/span><\/p>\n<p><span data-contrast=\"none\"><strong>Nach den Wassertagen ist vor den Wassertagen.\u00a0<\/strong>Wollt ihr im n\u00e4chsten Jahr mit dabei sein? Dann schreibt eine E-Mail an <\/span><a href=\"mailto:pascal@pwfg.blue\"><span data-contrast=\"none\">pascal@pwfg.blue<\/span><\/a><\/p>\n<p><span data-contrast=\"none\">Wir w\u00fcnschen Euch einen sch\u00f6nen Herbst mit Regen und Sonne in Balance.\u00a0<\/span><\/p>\n<p><span data-contrast=\"none\">Aloha von allen, die bei den Wassertagen mitgewirkt haben!<\/span>[\/vc_column_text][vc_btn title=&#8221;Discover the Project&#8221; size=&#8221;lg&#8221; i_align=&#8221;right&#8221; i_icon_fontawesome=&#8221;fa fa-arrow-circle-o-right&#8221; add_icon=&#8221;true&#8221; link=&#8221;url:https%3A%2F%2Fpure-water-for-generations.com%2Fen%2Fsup-projects%2F|title:Water%20Days|&#8221;][vc_btn title=&#8221;Visit Our Blog&#8221; size=&#8221;lg&#8221; i_align=&#8221;right&#8221; i_icon_fontawesome=&#8221;fa fa-arrow-circle-o-right&#8221; add_icon=&#8221;true&#8221; link=&#8221;url:https%3A%2F%2Fpure-water-for-generations.com%2Fwassertage-blog%2F|title:The%20Water%20Days%20Blog|target:%20_blank|&#8221;][\/vc_column_inner][vc_column_inner width=&#8221;5\/12&#8243;][vc_single_image image=&#8221;13440&#8243; img_size=&#8221;full&#8221; onclick=&#8221;custom_link&#8221; link=&#8221;https:\/\/pure-water-for-generations.com\/wp-content\/uploads\/2023\/05\/PureWater-Wasserkarte-DE-AT-Legende-mit-Logo.pdf&#8221;][\/vc_column_inner][\/vc_row_inner][\/vc_column][\/vc_row][vc_row disable_element=&#8221;yes&#8221; css=&#8221;.vc_custom_1704813476689{padding-top: 30px !important;}&#8221;][vc_column][vc_custom_heading text=&#8221;The Pure Water for Generations Advent Calendar&#8221; font_container=&#8221;tag:h2|font_size:38px|text_align:left|color:%23133749|line_height:38px&#8221; google_fonts=&#8221;font_family:Open%20Sans%3A300%2C300italic%2Cregular%2Citalic%2C600%2C600italic%2C700%2C700italic%2C800%2C800italic|font_style:700%20bold%20regular%3A700%3Anormal&#8221;][vc_column_text el_class=&#8221;lead&#8221;]Hier ist er: unser erster digitaler Adventskalender! Sei gespannt auf 24 T\u00fcrchen voller Inspiration rund um das Wasser, vielen Ideen f\u00fcr eine achtsame Weihnachtszeit und gro\u00dfartigen Wasserbildern, gemalt von Kindern und Jugendlichen w\u00e4hrend unserer Wassertage.<\/p>\n<p>\u00d6ffne ab dem 1. Dezember jeden Tag ein\u00a0virtuelles T\u00fcrchen \u2013 wir w\u00fcnschen Dir viel Spa\u00df![\/vc_column_text][vc_column_text][\/vc_column_text][vc_separator color=&#8221;custom&#8221; border_width=&#8221;2&#8243; accent_color=&#8221;#d0e1ef&#8221; css=&#8221;.vc_custom_1535018808925{margin-top: 60px !important;margin-bottom: 60px !important;}&#8221;][\/vc_column][\/vc_row][vc_row disable_element=&#8221;yes&#8221;][vc_column][vc_empty_space height=&#8221;30px&#8221;][vc_custom_heading text=&#8221;Our Activities \u2013 Join Us!&#8221; font_container=&#8221;tag:h2|font_size:38px|text_align:left|color:%23133749|line_height:38px&#8221; google_fonts=&#8221;font_family:Open%20Sans%3A300%2C300italic%2Cregular%2Citalic%2C600%2C600italic%2C700%2C700italic%2C800%2C800italic|font_style:700%20bold%20regular%3A700%3Anormal&#8221;][vc_empty_space height=&#8221;30px&#8221;][vc_basic_grid post_type=&#8221;post&#8221; max_items=&#8221;3&#8243; gap=&#8221;20&#8243; initial_loading_animation=&#8221;none&#8221; grid_id=&#8221;vc_gid:1748600259763-6f462bc7-3855-7&#8243;][\/vc_column][\/vc_row][vc_row disable_element=&#8221;yes&#8221; css=&#8221;.vc_custom_1699522208153{margin-top: 60px !important;}&#8221;][vc_column width=&#8221;1\/3&#8243;][vc_single_image image=&#8221;15668&#8243; img_size=&#8221;large&#8221;][\/vc_column][vc_column width=&#8221;2\/3&#8243;][vc_empty_space height=&#8221;15px&#8221;][vc_custom_heading text=&#8221;Our Activities \u2013 Join Us!&#8221; font_container=&#8221;tag:h2|font_size:38px|text_align:left|color:%23133749|line_height:38px&#8221; google_fonts=&#8221;font_family:Open%20Sans%3A300%2C300italic%2Cregular%2Citalic%2C600%2C600italic%2C700%2C700italic%2C800%2C800italic|font_style:700%20bold%20regular%3A700%3Anormal&#8221;][vc_column_text el_class=&#8221;text-lg text-gray&#8221;]<\/p>\n<ul>\n<li><strong>K\u00f6nigsberg\/Europakapelle, 5. November 2023, 13 bis ca. 17 Uhr<br \/>\n<\/strong>Treffpunkt: <a href=\"https:\/\/maps.app.goo.gl\/w28QpzFAaSacqMFz6\" target=\"_blank\" rel=\"noopener\">Europakapelle<\/a>, Au\u00dfenbereich,\u00a0Breitbrunn am Ammersee<\/li>\n<\/ul>\n<p>Im vergangenen Sommer haben rund 4.500 Kinder und Jugendliche im Rahmen unserer \u201eWassertage\u201c Bilder zum Thema Wasser gemalt.<\/p>\n<p>Nun ist es soweit: Die Gem\u00e4lde kehren ans Wasser zur\u00fcck!<\/p>\n<p><strong>Seid dabei, <\/strong>wenn wir<strong> gemeinsam <\/strong>aus allen \u201ekleinen\u201c Kunstwerken einen <strong>36 Meter gro\u00dfen \u201eWassertropfen\u201c <\/strong>erschaffen.<\/p>\n<p>Wir laden Euch herzlich dazu ein, Teil dieses Events f\u00fcr unser Wasser zu sein &amp; freuen uns auf Euer Kommen!<\/p>\n<p><a href=\"https:\/\/pure-water-for-generations.com\/wp-content\/uploads\/2023\/10\/5.-November-2023-4.500-Wasserbilder-werden-ein-Wassertropfen-Breitbrunn-am-Ammersee.pdf\" target=\"_blank\" rel=\"noopener\">Flyer &amp; Einladung zum Event &gt;&gt;<\/a><\/p>\n<p><a href=\"https:\/\/pure-water-for-generations.com\/wp-content\/uploads\/2023\/10\/Pressemitteilung-Wasserbilder-2023-Pure-Water-for-Generations-e.-V..pdf\" target=\"_blank\" rel=\"noopener\">Pressemitteilung &gt;&gt;<\/a><\/p>\n<p>Habt ihr noch Fragen? Dann meldet Euch bei uns unter\u00a0<a href=\"mailto:pascal@pwfg.blue\">pascal@pwfg.blue<\/a>[\/vc_column_text][vc_empty_space height=&#8221;15px&#8221;][\/vc_column][\/vc_row][vc_row full_width=&#8221;stretch_row&#8221; disable_element=&#8221;yes&#8221; css=&#8221;.vc_custom_1500291189058{margin-top: -20px !important;padding-top: 30px !important;background-color: #133749 !important;}&#8221;][vc_column][vc_column_text el_class=&#8221;white-text&#8221;]<\/p>\n<p style=\"text-align: center;\">Im Rahmen des SUP-Natur-Projekts 2017 gibt es zahlreiche tolle Sachen zu gewinnen.<br \/>\n<strong>Das Gewinnspiel startet hier am 17. Juli 2017!<\/strong><\/p>\n<p>[\/vc_column_text][\/vc_column][\/vc_row][vc_row][vc_column][\/vc_column][\/vc_row]<\/p>\n","protected":false},"excerpt":{"rendered":"<p>[vc_row css=&#8221;.vc_custom_1699973949691{padding-top: 30px !important;}&#8221;][vc_column][vc_row_inner][vc_column_inner width=&#8221;7\/12&#8243; css=&#8221;.vc_custom_1699973352388{padding-top: 10px !important;}&#8221;][vc_custom_heading text=&#8221;Water Days 2025 | 78 days by the water, on the water, in the water&#8221; font_container=&#8221;tag:h2|font_size:38px|text_align:left|color:%23133749|line_height:38px&#8221; google_fonts=&#8221;font_family:Open%20Sans%3A300%2C300italic%2Cregular%2Citalic%2C600%2C600italic%2C700%2C700italic%2C800%2C800italic|font_style:700%20bold%20regular%3A700%3Anormal&#8221;][vc_column_text el_class=&#8221;lead&#8221;]Starting June 2nd, we&#8217;re on tour again \u2013 all across Germany and Austria \u2013 inviting children and young people to spend a school day by, on, and in the water [&hellip;]<\/p>\n","protected":false},"author":1,"featured_media":0,"parent":0,"menu_order":0,"comment_status":"closed","ping_status":"open","template":"","meta":{"_acf_changed":false,"footnotes":""},"class_list":["post-1176","page","type-page","status-publish","hentry"],"acf":[],"_links":{"self":[{"href":"https:\/\/pure-water-for-generations.com\/en\/wp-json\/wp\/v2\/pages\/1176","targetHints":{"allow":["GET"]}}],"collection":[{"href":"https:\/\/pure-water-for-generations.com\/en\/wp-json\/wp\/v2\/pages"}],"about":[{"href":"https:\/\/pure-water-for-generations.com\/en\/wp-json\/wp\/v2\/types\/page"}],"author":[{"embeddable":true,"href":"https:\/\/pure-water-for-generations.com\/en\/wp-json\/wp\/v2\/users\/1"}],"replies":[{"embeddable":true,"href":"https:\/\/pure-water-for-generations.com\/en\/wp-json\/wp\/v2\/comments?post=1176"}],"version-history":[{"count":13,"href":"https:\/\/pure-water-for-generations.com\/en\/wp-json\/wp\/v2\/pages\/1176\/revisions"}],"predecessor-version":[{"id":23364,"href":"https:\/\/pure-water-for-generations.com\/en\/wp-json\/wp\/v2\/pages\/1176\/revisions\/23364"}],"wp:attachment":[{"href":"https:\/\/pure-water-for-generations.com\/en\/wp-json\/wp\/v2\/media?parent=1176"}],"curies":[{"name":"wp","href":"https:\/\/api.w.org\/{rel}","templated":true}]}}