{"id":1178,"date":"2017-08-03T10:03:01","date_gmt":"2017-08-03T08:03:01","guid":{"rendered":"http:\/\/pure-water-for-generations.com\/support\/"},"modified":"2019-10-22T15:19:26","modified_gmt":"2019-10-22T13:19:26","slug":"support","status":"publish","type":"page","link":"https:\/\/pure-water-for-generations.com\/en\/support\/","title":{"rendered":"Support"},"content":{"rendered":"<p>[vc_row css=&#8221;.vc_custom_1498681237532{margin-top: 60px !important;}&#8221;][vc_column][vc_custom_heading text=&#8221;Support&#8221; use_theme_fonts=&#8221;yes&#8221;][\/vc_column][\/vc_row][vc_row][vc_column width=&#8221;1\/2&#8243;][vc_column_text]You can support the non-profit Pure Water for Generations e.V. via three routes:<\/p>\n<ul>\n<li><a href=\"#online-spenden\">Donate<\/a><\/li>\n<li><a href=\"#foerdermitglied\">Become a sponsoring member<\/a><\/li>\n<li><a href=\"#oekostrom\">Transfer to green energy provider Polarstern<\/a><\/li>\n<\/ul>\n<p>It&#8217;s important to us that you receive complete transparency regarding the use of your donations. As a result, we publish the annual financial report.[\/vc_column_text][\/vc_column][vc_column width=&#8221;1\/2&#8243;][vc_column_text]Wir versuchen, die Verwaltungskosten f\u00fcr den Verein so gering wie m\u00f6glich zu halten und unser Ziel ist es, von 1 EURO mindestens 90% in die Wasser-Themen zu investieren.<\/p>\n<p>Aktuell arbeitet das gesamte Team von Pure Water for Generations e.V. ohne Bezahlung. S\u00e4mtliche Reisekosten, die Pascal w\u00e4hrend seines SUP-Natur-Projektes entstehen, tr\u00e4gt er privat.[\/vc_column_text][\/vc_column][\/vc_row][vc_row remove_margin_bottom=&#8221;yes&#8221; css=&#8221;.vc_custom_1501248746794{margin-top: 20px !important;margin-bottom: 60px !important;padding-top: 30px !important;padding-bottom: 10px !important;background-color: #76a8c7 !important;}&#8221;][vc_column width=&#8221;1\/4&#8243;][\/vc_column][vc_column width=&#8221;1\/2&#8243;][vc_custom_heading text=&#8221;Total fund ammount&#8221; font_container=&#8221;tag:h3|text_align:center|color:%23ffffff&#8221; use_theme_fonts=&#8221;yes&#8221; css=&#8221;.vc_custom_1502707427314{margin-bottom: 10px !important;}&#8221;]<div class=\"stats-block stats-top   vc_custom_1527238371892\"><div class=\"aio-icon-top\"><div class=\"ult-just-icon-wrapper  \"><div class=\"align-icon\" style=\"text-align:center;\"><\/div><\/div><\/div><div class=\"stats-desc\" id=\"counter-responsv-wrap-4430\"><div id=\"counter_29078339969d0d95cd3a72\" data-id=\"counter_29078339969d0d95cd3a72\"  data-ultimate-target='#counter-responsv-wrap-4430 .stats-number'  data-responsive-json-new='{\"font-size\":\"desktop:60px;\",\"line-height\":\"\"}'  class=\"stats-number ult-responsive\" style=\" color:#ffffff; color:#ffffff;\" data-speed=\"4\" data-counter-value=\"38170,90\" data-separator=\".\" data-decimal=\",\">0<\/div><div class=\"counter_suffix mycust ult-responsive\"  data-ultimate-target='#counter-responsv-wrap-4430 .mycust'  data-responsive-json-new='{\"font-size\":\"desktop:60px;\",\"line-height\":\"\"}'  style=\" color:#ffffff\">\u20ac<\/div><div counter-responsv-wrap-4430  data-ultimate-target='#counter-responsv-wrap-4430 .stats-text'  data-responsive-json-new='{\"font-size\":\"\",\"line-height\":\"\"}'  class=\"stats-text ult-responsive\" style=\"font-size:18px; color:#ffffff; \"><\/div><\/div><\/div>[vc_column_text]Total fund ammount on 2th of May 2018[\/vc_column_text][\/vc_column][vc_column width=&#8221;1\/4&#8243;][\/vc_column][\/vc_row][vc_row full_width=&#8221;stretch_row&#8221; remove_margin_top=&#8221;yes&#8221; css=&#8221;.vc_custom_1501248023817{margin-top: 0px !important;margin-bottom: 60px !important;padding-top: 40px !important;padding-bottom: 40px !important;background-color: #cee8fa !important;}&#8221;][vc_column width=&#8221;1\/6&#8243;][\/vc_column][vc_column width=&#8221;2\/3&#8243; el_class=&#8221;center-paypal&#8221;][vc_custom_heading text=&#8221;Donate&#8221; font_container=&#8221;tag:h3|text_align:center|color:%23133749&#8243; use_theme_fonts=&#8221;yes&#8221;][vc_column_text el_class=&#8221;darkblue-text&#8221;]<\/p>\n<p style=\"text-align: center;\"><strong>Bank account<\/strong><br \/>\nRecipient: Pure Water for Generations e.V.<br \/>\nStadtsparkasse M\u00fcnchen<br \/>\nIBAN: DE32 7015 0000 1004 7980 52<br \/>\nBIC:SSKMDEMMXXX<\/p>\n<p style=\"text-align: center;\"><strong>Donat via Paypal<\/strong><br \/>\n<div class=\"borlabs-hide\" data-borlabs-cookie-type=\"cookie\" data-borlabs-cookie-id=\"paypal\"><script type=\"text\/template\">PCEtLSBCZWdpbiBQYXlQYWwgRG9uYXRpb25zIGJ5IGh0dHBzOi8vd3d3LnRpcHNhbmR0cmlja3MtaHEuY29tL3BheXBhbC1kb25hdGlvbnMtd2lkZ2V0cy1wbHVnaW4gLS0+Cgo8Zm9ybSBhY3Rpb249Imh0dHBzOi8vd3d3LnBheXBhbC5jb20vY2dpLWJpbi93ZWJzY3IiIG1ldGhvZD0icG9zdCIgdGFyZ2V0PSJfYmxhbmsiPgogICAgPGRpdiBjbGFzcz0icGF5cGFsLWRvbmF0aW9ucyI+CiAgICAgICAgPGlucHV0IHR5cGU9ImhpZGRlbiIgbmFtZT0iY21kIiB2YWx1ZT0iX2RvbmF0aW9ucyIgLz4KICAgICAgICA8aW5wdXQgdHlwZT0iaGlkZGVuIiBuYW1lPSJibiIgdmFsdWU9IlRpcHNhbmRUcmlja3NfU1AiIC8+CiAgICAgICAgPGlucHV0IHR5cGU9ImhpZGRlbiIgbmFtZT0iYnVzaW5lc3MiIHZhbHVlPSJwYXNjYWxAcHdmZy5ibHVlIiAvPgogICAgICAgIDxpbnB1dCB0eXBlPSJoaWRkZW4iIG5hbWU9Iml0ZW1fbmFtZSIgdmFsdWU9IlNwZW5kZSBhbiBQdXJlIFdhdGVyIGZvciBHZW5lcmF0aW9ucyBlLlYuIiAvPgogICAgICAgIDxpbnB1dCB0eXBlPSJoaWRkZW4iIG5hbWU9InJtIiB2YWx1ZT0iMCIgLz4KICAgICAgICA8aW5wdXQgdHlwZT0iaGlkZGVuIiBuYW1lPSJjdXJyZW5jeV9jb2RlIiB2YWx1ZT0iRVVSIiAvPgogICAgICAgIDxpbnB1dCB0eXBlPSJoaWRkZW4iIG5hbWU9ImxjIiB2YWx1ZT0iIiAvPgogICAgICAgIDxpbnB1dCB0eXBlPSJpbWFnZSIgc3R5bGU9ImN1cnNvcjogcG9pbnRlcjsiIHNyYz0iaHR0cHM6Ly93d3cucGF5cGFsb2JqZWN0cy5jb20vZGVfREUvREUvaS9idG4vYnRuX2RvbmF0ZUNDX0xHLmdpZiIgbmFtZT0ic3VibWl0IiBhbHQ9IlBheVBhbCAtIFRoZSBzYWZlciwgZWFzaWVyIHdheSB0byBwYXkgb25saW5lLiIgLz4KICAgICAgICA8aW1nIGFsdD0iIiBzcmM9Imh0dHBzOi8vd3d3LnBheXBhbG9iamVjdHMuY29tL2VuX1VTL2kvc2NyL3BpeGVsLmdpZiIgd2lkdGg9IjEiIGhlaWdodD0iMSIgLz4KICAgIDwvZGl2Pgo8L2Zvcm0+CjwhLS0gRW5kIFBheVBhbCBEb25hdGlvbnMgLS0+Cg==<\/script><\/div>\n<p>[\/vc_column_text][vc_column_text el_class=&#8221;small darkblue-text&#8221; css=&#8221;.vc_custom_1501750136308{margin-bottom: 0px !important;}&#8221;]<\/p>\n<p style=\"text-align: center;\">All donors will get a donation receipt from Pure Water for Generations e.V.. When making the transfer, please provide you complete postal and email address so that we can send you a charitable donation certificate by email.<\/p>\n<p>[\/vc_column_text][\/vc_column][vc_column width=&#8221;1\/6&#8243;][\/vc_column][\/vc_row][vc_row][vc_column][vc_separator color=&#8221;custom&#8221; style=&#8221;solid&#8221; accent_color=&#8221;#e4e4e4&#8243; css=&#8221;.vc_custom_1498688272999{margin-top: 30px !important;margin-bottom: 30px !important;}&#8221;][\/vc_column][\/vc_row][vc_row css=&#8221;.vc_custom_1499151546189{margin-bottom: 60px !important;}&#8221; el_id=&#8221;foerdermitglied&#8221;][vc_column][vc_custom_heading text=&#8221;Become a sponsoring member&#8221; use_theme_fonts=&#8221;yes&#8221;][vc_column_text]We are delighted by each and every sponsoring member. The minimum membership subscription rate is 50 euro for private individuals and 100 euro for businesses.[\/vc_column_text]\n<div class=\"wpcf7 no-js\" id=\"wpcf7-f790-o1\" lang=\"de-DE\" dir=\"ltr\">\n<div class=\"screen-reader-response\"><p role=\"status\" aria-live=\"polite\" aria-atomic=\"true\"><\/p> <ul><\/ul><\/div>\n<form action=\"\/en\/wp-json\/wp\/v2\/pages\/1178#wpcf7-f790-o1\" method=\"post\" class=\"wpcf7-form init\" aria-label=\"Kontaktformular\" novalidate=\"novalidate\" data-status=\"init\">\n<div style=\"display: none;\">\n<input type=\"hidden\" name=\"_wpcf7\" value=\"790\" \/>\n<input type=\"hidden\" name=\"_wpcf7_version\" value=\"5.9.6\" \/>\n<input type=\"hidden\" name=\"_wpcf7_locale\" value=\"de_DE\" \/>\n<input type=\"hidden\" name=\"_wpcf7_unit_tag\" value=\"wpcf7-f790-o1\" \/>\n<input type=\"hidden\" name=\"_wpcf7_container_post\" value=\"0\" \/>\n<input type=\"hidden\" name=\"_wpcf7_posted_data_hash\" value=\"\" \/>\n<\/div>\n<h4>Pers\u00f6nline Angaben\n<\/h4>\n<div class=\"form-group\">\n\t<p><label for=\"firma\" class=\"col-md-2 control-label hidden-xs hidden-sm\">Firma<\/label>\n\t<\/p>\n\t<div class=\"col-md-10\">\n\t\t<p><span class=\"wpcf7-form-control-wrap\" data-name=\"firma\"><input size=\"40\" maxlength=\"80\" class=\"wpcf7-form-control wpcf7-text form-control\" aria-invalid=\"false\" placeholder=\"Firma\" value=\"\" type=\"text\" name=\"firma\" \/><\/span>\n\t\t<\/p>\n\t<\/div>\n<\/div>\n<div class=\"form-group\">\n\t<p><label for=\"anrede\" class=\"col-md-2 control-label hidden-xs hidden-sm\">Anrede*<\/label>\n\t<\/p>\n\t<div class=\"col-md-10\">\n\t\t<p><span class=\"wpcf7-form-control-wrap\" data-name=\"anrede\"><span class=\"wpcf7-form-control wpcf7-radio\"><span class=\"wpcf7-list-item first\"><span class=\"wpcf7-list-item-label\">Frau<\/span><input type=\"radio\" name=\"anrede\" value=\"Frau\" checked=\"checked\" \/><\/span><span class=\"wpcf7-list-item\"><span class=\"wpcf7-list-item-label\">Herr<\/span><input type=\"radio\" name=\"anrede\" value=\"Herr\" \/><\/span><span class=\"wpcf7-list-item last\"><span class=\"wpcf7-list-item-label\">Familie<\/span><input type=\"radio\" name=\"anrede\" value=\"Familie\" \/><\/span><\/span><\/span>\n\t\t<\/p>\n\t<\/div>\n<\/div>\n<div class=\"form-group\">\n\t<p><label for=\"titel\" class=\"col-md-2 control-label hidden-xs hidden-sm\">Titel<\/label>\n\t<\/p>\n\t<div class=\"col-md-10\">\n\t\t<p><span class=\"wpcf7-form-control-wrap\" data-name=\"titel\"><select class=\"wpcf7-form-control wpcf7-select\" aria-invalid=\"false\" name=\"titel\"><option value=\"\">&#8211; Bitte ausw\u00e4hlen &#8211;<\/option><option value=\"Dr.\">Dr.<\/option><option value=\"Prof.\">Prof.<\/option><option value=\"Prof. Dr.\">Prof. Dr.<\/option><option value=\"Dipl.-Ing.\">Dipl.-Ing.<\/option><option value=\"Dipl.-Psych.\">Dipl.-Psych.<\/option><\/select><\/span>\n\t\t<\/p>\n\t<\/div>\n<\/div>\n<div class=\"form-group\">\n\t<p><label for=\"vorname\" class=\"col-md-2 control-label hidden-xs hidden-sm\">Vorname*<\/label>\n\t<\/p>\n\t<div class=\"col-md-10\">\n\t\t<p><span class=\"wpcf7-form-control-wrap\" data-name=\"vorname\"><input size=\"40\" maxlength=\"80\" class=\"wpcf7-form-control wpcf7-text wpcf7-validates-as-required form-control\" aria-required=\"true\" aria-invalid=\"false\" placeholder=\"Vorname*\" value=\"\" type=\"text\" name=\"vorname\" \/><\/span>\n\t\t<\/p>\n\t<\/div>\n<\/div>\n<div class=\"form-group\">\n\t<p><label for=\"nachname\" class=\"col-md-2 control-label hidden-xs hidden-sm\">Nachname*<\/label>\n\t<\/p>\n\t<div class=\"col-md-10\">\n\t\t<p><span class=\"wpcf7-form-control-wrap\" data-name=\"nachname\"><input size=\"40\" maxlength=\"80\" class=\"wpcf7-form-control wpcf7-text wpcf7-validates-as-required form-control\" aria-required=\"true\" aria-invalid=\"false\" placeholder=\"Nachname*\" value=\"\" type=\"text\" name=\"nachname\" \/><\/span>\n\t\t<\/p>\n\t<\/div>\n<\/div>\n<div class=\"form-group\">\n\t<p><label for=\"adresse\" class=\"col-md-2 control-label hidden-xs hidden-sm\">Stra\u00dfe \/ Nr.<\/label>\n\t<\/p>\n\t<div class=\"col-md-10\">\n\t\t<p><span class=\"wpcf7-form-control-wrap\" data-name=\"adresse\"><input size=\"40\" maxlength=\"80\" class=\"wpcf7-form-control wpcf7-text form-control\" aria-invalid=\"false\" placeholder=\"Stra\u00dfe \/ Nr.\" value=\"\" type=\"text\" name=\"adresse\" \/><\/span>\n\t\t<\/p>\n\t<\/div>\n<\/div>\n<div class=\"form-group\">\n\t<p><label for=\"plz\" class=\"col-md-2 control-label hidden-xs hidden-sm\">PLZ \/ Ort<\/label>\n\t<\/p>\n\t<div class=\"col-xs-4 col-sm-3 col-md-4\">\n\t\t<p><span class=\"wpcf7-form-control-wrap\" data-name=\"plz\"><input size=\"40\" maxlength=\"80\" class=\"wpcf7-form-control wpcf7-text form-control\" aria-invalid=\"false\" placeholder=\"PLZ\" value=\"\" type=\"text\" name=\"plz\" \/><\/span>\n\t\t<\/p>\n\t<\/div>\n\t<div class=\"col-xs-8 col-sm-9 col-md-6\">\n\t\t<p><span class=\"wpcf7-form-control-wrap\" data-name=\"ort\"><input size=\"40\" maxlength=\"80\" class=\"wpcf7-form-control wpcf7-text form-control\" aria-invalid=\"false\" placeholder=\"Ort\" value=\"\" type=\"text\" name=\"ort\" \/><\/span>\n\t\t<\/p>\n\t<\/div>\n<\/div>\n<div class=\"form-group\">\n\t<p><label for=\"land\" class=\"col-md-2 control-label hidden-xs hidden-sm\">Land*<\/label>\n\t<\/p>\n\t<div class=\"col-md-10\">\n\t\t<p><span class=\"wpcf7-form-control-wrap\" data-name=\"land\"><input size=\"40\" maxlength=\"80\" class=\"wpcf7-form-control wpcf7-text wpcf7-validates-as-required form-control\" aria-required=\"true\" aria-invalid=\"false\" placeholder=\"Land*\" value=\"\" type=\"text\" name=\"land\" \/><\/span>\n\t\t<\/p>\n\t<\/div>\n<\/div>\n<div class=\"form-group\">\n\t<p><label for=\"email\" class=\"col-md-2 control-label hidden-xs hidden-sm\">E-Mail*<\/label>\n\t<\/p>\n\t<div class=\"col-md-10\">\n\t\t<p><span class=\"wpcf7-form-control-wrap\" data-name=\"email\"><input size=\"40\" maxlength=\"80\" class=\"wpcf7-form-control wpcf7-email wpcf7-validates-as-required wpcf7-text wpcf7-validates-as-email form-control\" aria-required=\"true\" aria-invalid=\"false\" placeholder=\"E-Mail*\" value=\"\" type=\"email\" name=\"email\" \/><\/span>\n\t\t<\/p>\n\t<\/div>\n<\/div>\n<div class=\"form-group\">\n\t<p><label for=\"telefon\" class=\"col-md-2 control-label hidden-xs hidden-sm\">Telefon*<\/label>\n\t<\/p>\n\t<div class=\"col-md-10\">\n\t\t<p><span class=\"wpcf7-form-control-wrap\" data-name=\"telefon\"><input size=\"40\" maxlength=\"80\" class=\"wpcf7-form-control wpcf7-text wpcf7-validates-as-required form-control\" aria-required=\"true\" aria-invalid=\"false\" placeholder=\"Telefon*\" value=\"\" type=\"text\" name=\"telefon\" \/><\/span>\n\t\t<\/p>\n\t<\/div>\n<\/div>\n<h4><br \/>\nBankverbindung & J\u00e4hrlicher Spendenbetrag\n<\/h4>\n<div class=\"form-group\">\n\t<p><label for=\"spendenbetrag\" class=\"col-md-2 control-label hidden-xs hidden-sm\">Spendenbetrag p.a.*<\/label>\n\t<\/p>\n\t<div class=\"col-md-10\">\n\t\t<p><span class=\"wpcf7-form-control-wrap\" data-name=\"spendenbetrag\"><input size=\"40\" maxlength=\"80\" class=\"wpcf7-form-control wpcf7-text wpcf7-validates-as-required form-control\" aria-required=\"true\" aria-invalid=\"false\" placeholder=\"Spendenbetrag p.a.*\" value=\"\" type=\"text\" name=\"spendenbetrag\" \/><\/span>\n\t\t<\/p>\n\t<\/div>\n<\/div>\n<div class=\"col-md-2\">\n\t<p>Lastschrift*\n\t<\/p>\n<\/div>\n<div class=\"col-md-10\">\n\t<p><label for=\"contact-captcha\">Laden Sie hier unser <a href=\"https:\/\/pure-water-for-generations.com\/wp-content\/uploads\/2017\/09\/SEPA-Lastschriftmandat_digital_v1.pdf\" target=\"_blank\"><strong>SEPA-Lastschriftformular<\/strong><\/a> herunter (PDF, 218 KB).<br \/>\nDas Formular kann \u00fcber den Acrobat Reader auch digital ausgef\u00fcllt werden.<br \/>\n<\/label>\n\t<\/p>\n<\/div>\n<h4><br \/>\nSicherheit & Datenschutz\n<\/h4>\n<div class=\"form-group\">\n\t<p><label for=\"Datenverwendung\" class=\"col-md-2 control-label hidden-xs hidden-sm\">Datenverwendung*<\/label>\n\t<\/p>\n\t<div class=\"col-md-10\">\n\t\t<p><span class=\"wpcf7-form-control-wrap\" data-name=\"datenverwendung\"><span class=\"wpcf7-form-control wpcf7-acceptance\"><span class=\"wpcf7-list-item\"><input type=\"checkbox\" name=\"datenverwendung\" value=\"1\" aria-invalid=\"false\" \/><\/span><\/span><\/span> Ihre Adressdaten und E-Mail-Adresse verwenden wir nur f\u00fcr F\u00f6rderer-Service und -Informationen \u00fcber unsere Aktivit\u00e4ten.\n\t\t<\/p>\n\t<\/div>\n<\/div>\n<div class=\"col-md-8 col-md-offset-4\">\n\t<p><label for=\"contact-captcha\">Bitte nebenstehende Zeichen \u00fcbertragen*<\/label>\n\t<\/p>\n<\/div>\n<div class=\"form-group\">\n\t<div class=\"col-xs-4 col-sm-2 col-md-2 col-md-offset-2\">\n\t\t<p><input type=\"hidden\" name=\"_wpcf7_captcha_challenge_captcha\" value=\"1479609128\" \/><img loading=\"lazy\" decoding=\"async\" class=\"wpcf7-form-control wpcf7-captchac wpcf7-captcha-captcha\" width=\"72\" height=\"24\" alt=\"captcha\" src=\"https:\/\/pure-water-for-generations.com\/wp-content\/uploads\/wpcf7_captcha\/1479609128.png\" \/>\n\t\t<\/p>\n\t<\/div>\n\t<div class=\"col-xs-8 col-sm-6 col-md-8\">\n\t\t<p><span class=\"wpcf7-form-control-wrap\" data-name=\"captcha\"><input size=\"40\" class=\"wpcf7-form-control wpcf7-captchar form-control\" id=\"contact-captcha\" autocomplete=\"off\" aria-invalid=\"false\" value=\"\" type=\"text\" name=\"captcha\" \/><\/span>\n\t\t<\/p>\n\t<\/div>\n<\/div>\n<div class=\"col-md-12\">\n\t<div class=\"form-group\">\n\t\t<p><input class=\"wpcf7-form-control wpcf7-submit has-spinner btn btn-primary btn-md\" type=\"submit\" value=\"Senden\" \/>\n\t\t<\/p>\n\t<\/div>\n<\/div><div class=\"wpcf7-response-output\" aria-hidden=\"true\"><\/div>\n<\/form>\n<\/div>\n[\/vc_column][\/vc_row][vc_row][vc_column][vc_separator color=&#8221;custom&#8221; style=&#8221;solid&#8221; accent_color=&#8221;#e4e4e4&#8243; css=&#8221;.vc_custom_1498688272999{margin-top: 30px !important;margin-bottom: 30px !important;}&#8221;][\/vc_column][\/vc_row][vc_row css=&#8221;.vc_custom_1499151626321{margin-bottom: 60px !important;}&#8221; el_id=&#8221;oekostrom&#8221;][vc_column][vc_custom_heading text=&#8221;Change to green energy provider, Polarstern&#8221; use_theme_fonts=&#8221;yes&#8221;][vc_single_image image=&#8221;1012&#8243; img_size=&#8221;full&#8221; alignment=&#8221;center&#8221; onclick=&#8221;custom_link&#8221; img_link_target=&#8221;_blank&#8221; link=&#8221;https:\/\/www.polarstern-energie.de\/oekostrom\/?utm_source=purewaterforgenerations&amp;utm_medium=coop&amp;utm_campaign=coop-purewater&amp;ac=PWFG&#8221;][vc_column_text]In the future, do you also want to use green energy and support Pure Water for Generations e.V. at the same time?<\/p>\n<p>Then get actual green energy electricity from Polarstern! For each one of you who transfers, Pure Water for Generations e.V. will get 30 euro from Polarstern. You can read more about the roots of this partnership <a href=\"https:\/\/pure-water-for-generations.com\/partner\/\" rel=\"noopener\">here<\/a> and the way that the exchange works is explained below<\/p>\n<ol>\n<li>Go to <a href=\"https:\/\/www.polarstern-energie.de\/oekostrom\/?utm_source=purewaterforgenerations&amp;utm_medium=coop&amp;utm_campaign=coop-purewater&amp;ac=PWFG\" target=\"_blank\" rel=\"noopener\">https:\/\/www.polarstern-energie.de\/oekostrom\/?utm_source=purewaterforgenerations&amp;utm_medium=coop&amp;utm_campaign=coop-purewater&amp;ac=PWFG<\/a><\/li>\n<li>Order actual green energy electricity and\/or actual green energy gas (terminable at any time).<\/li>\n<li>Enter the promotion code &#8220;PWFG&#8221;.<\/li>\n<li>Polarstern will donate 30 euro to us<\/li>\n<\/ol>\n<p>[\/vc_column_text][\/vc_column][\/vc_row]<\/p>\n","protected":false},"excerpt":{"rendered":"<p>[vc_row css=&#8221;.vc_custom_1498681237532{margin-top: 60px !important;}&#8221;][vc_column][vc_custom_heading text=&#8221;Support&#8221; use_theme_fonts=&#8221;yes&#8221;][\/vc_column][\/vc_row][vc_row][vc_column width=&#8221;1\/2&#8243;][vc_column_text]You can support the non-profit Pure Water for Generations e.V. via three routes: Donate Become a sponsoring member Transfer to green energy provider Polarstern It&#8217;s important to us that you receive complete transparency regarding the use of your donations. As a result, we publish the annual financial report.[\/vc_column_text][\/vc_column][vc_column width=&#8221;1\/2&#8243;][vc_column_text]Wir [&hellip;]<\/p>\n","protected":false},"author":1,"featured_media":0,"parent":0,"menu_order":0,"comment_status":"closed","ping_status":"open","template":"","meta":{"_acf_changed":false,"footnotes":""},"class_list":["post-1178","page","type-page","status-publish","hentry"],"acf":[],"_links":{"self":[{"href":"https:\/\/pure-water-for-generations.com\/en\/wp-json\/wp\/v2\/pages\/1178","targetHints":{"allow":["GET"]}}],"collection":[{"href":"https:\/\/pure-water-for-generations.com\/en\/wp-json\/wp\/v2\/pages"}],"about":[{"href":"https:\/\/pure-water-for-generations.com\/en\/wp-json\/wp\/v2\/types\/page"}],"author":[{"embeddable":true,"href":"https:\/\/pure-water-for-generations.com\/en\/wp-json\/wp\/v2\/users\/1"}],"replies":[{"embeddable":true,"href":"https:\/\/pure-water-for-generations.com\/en\/wp-json\/wp\/v2\/comments?post=1178"}],"version-history":[{"count":40,"href":"https:\/\/pure-water-for-generations.com\/en\/wp-json\/wp\/v2\/pages\/1178\/revisions"}],"predecessor-version":[{"id":6077,"href":"https:\/\/pure-water-for-generations.com\/en\/wp-json\/wp\/v2\/pages\/1178\/revisions\/6077"}],"wp:attachment":[{"href":"https:\/\/pure-water-for-generations.com\/en\/wp-json\/wp\/v2\/media?parent=1178"}],"curies":[{"name":"wp","href":"https:\/\/api.w.org\/{rel}","templated":true}]}}